{"id":2,"date":"2015-09-01T21:07:52","date_gmt":"2015-09-01T21:07:52","guid":{"rendered":"http:\/\/localhost\/mundoccaa\/?page_id=2"},"modified":"2024-10-30T17:02:54","modified_gmt":"2024-10-30T17:02:54","slug":"home","status":"publish","type":"page","link":"https:\/\/www.ccaa.com.br\/espacoccaa\/home\/","title":{"rendered":"P\u00e1gina inicial"},"content":{"rendered":"<p>O Espa\u00e7o CCAA \u00e9 uma \u00e1rea exclusiva para alunos CCAA.<\/p>\n<p>Se voc\u00ea n\u00e3o \u00e9 aluno, <a href=\"https:\/\/www.ccaa.com.br\/matricula-online\"><u>solicite sua matr\u00edcula<\/u><\/a> agora.<\/p>\n<p>&nbsp;<\/p>\n","protected":false},"excerpt":{"rendered":"<p>Introdu\u00e7\u00e3o com acesso ao Mundo CCAA e cadastro para acesso.<\/p>\n","protected":false},"author":1,"featured_media":0,"parent":0,"menu_order":0,"comment_status":"open","ping_status":"open","template":"","meta":[],"_links":{"self":[{"href":"https:\/\/www.ccaa.com.br\/espacoccaa\/wp-json\/wp\/v2\/pages\/2"}],"collection":[{"href":"https:\/\/www.ccaa.com.br\/espacoccaa\/wp-json\/wp\/v2\/pages"}],"about":[{"href":"https:\/\/www.ccaa.com.br\/espacoccaa\/wp-json\/wp\/v2\/types\/page"}],"author":[{"embeddable":true,"href":"https:\/\/www.ccaa.com.br\/espacoccaa\/wp-json\/wp\/v2\/users\/1"}],"replies":[{"embeddable":true,"href":"https:\/\/www.ccaa.com.br\/espacoccaa\/wp-json\/wp\/v2\/comments?post=2"}],"version-history":[{"count":28,"href":"https:\/\/www.ccaa.com.br\/espacoccaa\/wp-json\/wp\/v2\/pages\/2\/revisions"}],"predecessor-version":[{"id":747,"href":"https:\/\/www.ccaa.com.br\/espacoccaa\/wp-json\/wp\/v2\/pages\/2\/revisions\/747"}],"wp:attachment":[{"href":"https:\/\/www.ccaa.com.br\/espacoccaa\/wp-json\/wp\/v2\/media?parent=2"}],"curies":[{"name":"wp","href":"https:\/\/api.w.org\/{rel}","templated":true}]}}